{"id":2448,"date":"2022-02-25T23:33:27","date_gmt":"2022-02-25T23:33:27","guid":{"rendered":"http:\/\/moers.kfz-gutachter-kanzenbach.de\/?page_id=2448"},"modified":"2024-02-18T17:37:13","modified_gmt":"2024-02-18T17:37:13","slug":"kfz-gutachter-in-duisburg-und-ganz-nrw","status":"publish","type":"page","link":"https:\/\/moers.kfz-gutachter-kanzenbach.de\/kfz-gutachter-in-duisburg-und-ganz-nrw\/","title":{"rendered":"Haftungsausschluss"},"content":{"rendered":"\t\t<div data-elementor-type=\"wp-page\" data-elementor-id=\"2448\" class=\"elementor elementor-2448\">\n\t\t\t\t\t\t<section class=\"elementor-section elementor-top-section elementor-element elementor-element-258b3ac elementor-section-boxed elementor-section-height-default elementor-section-height-default\" data-id=\"258b3ac\" data-element_type=\"section\">\n\t\t\t\t\t\t<div class=\"elementor-container elementor-column-gap-default\">\n\t\t\t\t\t<div class=\"elementor-column elementor-col-100 elementor-top-column elementor-element elementor-element-45a4383\" data-id=\"45a4383\" data-element_type=\"column\">\n\t\t\t<div class=\"elementor-widget-wrap elementor-element-populated\">\n\t\t\t\t\t\t<div class=\"elementor-element elementor-element-081312c elementor-widget elementor-widget-heading\" data-id=\"081312c\" data-element_type=\"widget\" data-widget_type=\"heading.default\">\n\t\t\t\t<div class=\"elementor-widget-container\">\n\t\t\t<style>\/*! elementor - v3.19.0 - 28-02-2024 *\/\n.elementor-heading-title{padding:0;margin:0;line-height:1}.elementor-widget-heading .elementor-heading-title[class*=elementor-size-]>a{color:inherit;font-size:inherit;line-height:inherit}.elementor-widget-heading .elementor-heading-title.elementor-size-small{font-size:15px}.elementor-widget-heading .elementor-heading-title.elementor-size-medium{font-size:19px}.elementor-widget-heading .elementor-heading-title.elementor-size-large{font-size:29px}.elementor-widget-heading .elementor-heading-title.elementor-size-xl{font-size:39px}.elementor-widget-heading .elementor-heading-title.elementor-size-xxl{font-size:59px}<\/style><h2 class=\"elementor-heading-title elementor-size-default\">Haftungsausschluss<\/h2>\t\t<\/div>\n\t\t\t\t<\/div>\n\t\t\t\t\t<\/div>\n\t\t<\/div>\n\t\t\t\t\t<\/div>\n\t\t<\/section>\n\t\t<div class=\"elementor-element elementor-element-6b79812 e-flex e-con-boxed e-con e-parent\" data-id=\"6b79812\" data-element_type=\"container\" data-settings=\"{&quot;content_width&quot;:&quot;boxed&quot;}\" data-core-v316-plus=\"true\">\n\t\t\t\t\t<div class=\"e-con-inner\">\n\t\t\t\t<div class=\"elementor-element elementor-element-4603243 elementor-widget elementor-widget-text-editor\" data-id=\"4603243\" data-element_type=\"widget\" data-widget_type=\"text-editor.default\">\n\t\t\t\t<div class=\"elementor-widget-container\">\n\t\t\t<style>\/*! elementor - v3.19.0 - 28-02-2024 *\/\n.elementor-widget-text-editor.elementor-drop-cap-view-stacked .elementor-drop-cap{background-color:#69727d;color:#fff}.elementor-widget-text-editor.elementor-drop-cap-view-framed .elementor-drop-cap{color:#69727d;border:3px solid;background-color:transparent}.elementor-widget-text-editor:not(.elementor-drop-cap-view-default) .elementor-drop-cap{margin-top:8px}.elementor-widget-text-editor:not(.elementor-drop-cap-view-default) .elementor-drop-cap-letter{width:1em;height:1em}.elementor-widget-text-editor .elementor-drop-cap{float:left;text-align:center;line-height:1;font-size:50px}.elementor-widget-text-editor .elementor-drop-cap-letter{display:inline-block}<\/style>\t\t\t\t<h4>UMSATZSTEUER<\/h4><p>Umsatzsteuer-Identifikationsnummer gem\u00e4\u00df \u00a727 a Umsatzsteuergesetz:<br \/>DE311715376<\/p><h4>ANGABEN ZUR BERUFSHAFTPFLICHTVERSICHERUNG<\/h4><p><strong>Name und Sitz des Versicherers:<\/strong><br \/>Allianz Versicherungs-Aktiengesellschaft<br \/>Generalvertretung<br \/>Reinhold Rogowski<br \/>Hohenzollernpl. 7<br \/>47167 Duisburg<\/p><p><strong>Geltungsraum der Versicherung:<\/strong><br \/>Deutschland<\/p><h4>STREITSCHLICHTUNG<\/h4><p>Die Europ\u00e4ische Kommission stellt eine Plattform zur Online-Streitbeilegung (OS) bereit: <a href=\"https:\/\/ec.europa.eu\/consumers\/odr\" target=\"_blank\" rel=\"noopener noreferrer\">https:\/\/ec.europa.eu\/consumers\/odr<\/a>.<br \/>Unsere E-Mail-Adresse finden Sie oben im Impressum.<\/p><p>Wir sind nicht bereit oder verpflichtet, an Streitbeilegungsverfahren vor einer Verbraucherschlichtungsstelle teilzunehmen.<\/p><h4>HAFTUNG F\u00dcR INHALTE<\/h4><p>Als Diensteanbieter sind wir gem\u00e4\u00df \u00a7 7 Abs.1 TMG f\u00fcr eigene Inhalte auf diesen Seiten nach den allgemeinen Gesetzen verantwortlich. Nach \u00a7\u00a7 8 bis 10 TMG sind wir als Diensteanbieter jedoch nicht verpflichtet, \u00fcbermittelte oder gespeicherte fremde Informationen zu \u00fcberwachen oder nach Umst\u00e4nden zu forschen, die auf eine rechtswidrige T\u00e4tigkeit hinweisen.<\/p><p>Verpflichtungen zur Entfernung oder Sperrung der Nutzung von Informationen nach den allgemeinen Gesetzen bleiben hiervon unber\u00fchrt. Eine diesbez\u00fcgliche Haftung ist jedoch erst ab dem Zeitpunkt der Kenntnis einer konkreten Rechtsverletzung m\u00f6glich. Bei Bekanntwerden von entsprechenden Rechtsverletzungen werden wir diese Inhalte umgehend entfernen.<\/p><h4>HAFTUNG F\u00dcR LINKS<\/h4><p>Unser Angebot enth\u00e4lt Links zu externen Websites Dritter, auf deren Inhalte wir keinen Einfluss haben. Deshalb k\u00f6nnen wir f\u00fcr diese fremden Inhalte auch keine Gew\u00e4hr \u00fcbernehmen. F\u00fcr die Inhalte der verlinkten Seiten ist stets der jeweilige Anbieter oder Betreiber der Seiten verantwortlich. Die verlinkten Seiten wurden zum Zeitpunkt der Verlinkung auf m\u00f6gliche Rechtsverst\u00f6\u00dfe \u00fcberpr\u00fcft. Rechtswidrige Inhalte waren zum Zeitpunkt der Verlinkung nicht erkennbar.<\/p><p>Eine permanente inhaltliche Kontrolle der verlinkten Seiten ist jedoch ohne konkrete Anhaltspunkte einer Rechtsverletzung nicht zumutbar. Bei Bekanntwerden von Rechtsverletzungen werden wir derartige Links umgehend entfernen.<\/p><h4>URHEBERRECHT<\/h4><p>Die durch die Seitenbetreiber erstellten Inhalte und Werke auf diesen Seiten unterliegen dem deutschen Urheberrecht. Die Vervielf\u00e4ltigung, Bearbeitung, Verbreitung und jede Art der Verwertung au\u00dferhalb der Grenzen des Urheberrechtes bed\u00fcrfen der schriftlichen Zustimmung des jeweiligen Autors bzw. Erstellers. Downloads und Kopien dieser Seite sind nur f\u00fcr den privaten, nicht kommerziellen Gebrauch gestattet.<\/p><p>Soweit die Inhalte auf dieser Seite nicht vom Betreiber erstellt wurden, werden die Urheberrechte Dritter beachtet. Insbesondere werden Inhalte Dritter als solche gekennzeichnet. Sollten Sie trotzdem auf eine Urheberrechtsverletzung aufmerksam werden, bitten wir um einen entsprechenden Hinweis. Bei Bekanntwerden von Rechtsverletzungen werden wir derartige Inhalte umgehend entfernen.<\/p><div class=\"tm-grid-expand uk-child-width-1-1 uk-grid-margin uk-grid uk-grid-stack\"><div class=\"uk-width-1-1@m uk-first-column\"><div class=\"uk-panel uk-margin\"><h4><strong>QUELLENANGABEN F\u00dcR DIE VERWENDETEN BILDER UND GRAFIKEN:<\/strong><\/h4><p><strong>Fotolia<\/strong><br \/>Insurance Agent Inspecting Car After Accident Datei:\u00a0<a href=\"https:\/\/de.fotolia.com\/id\/70413033\" target=\"_blank\" rel=\"noopener noreferrer\">#70413033<\/a>\u00a0| Urheber: Andrey Popov<br \/>mechanic holding a clipboard of service order working in garage. Repair service. Datei:\u00a0<a href=\"https:\/\/de.fotolia.com\/id\/162337703\" target=\"_blank\" rel=\"noopener noreferrer\">#162337703<\/a>\u00a0| Urheber: joyfotoliakid<br \/>Car on a scissor jack Datei:\u00a0<a href=\"https:\/\/de.fotolia.com\/id\/160010972\" target=\"_blank\" rel=\"noopener noreferrer\">#160010972<\/a>\u00a0| Urheber: Dmitry Vereshchagin<br \/>Totalschaden Unfall Datei:\u00a0<a href=\"https:\/\/de.fotolia.com\/id\/70211817\" target=\"_blank\" rel=\"noopener noreferrer\">#70211817<\/a>\u00a0| Urheber: Thaut Images<\/p><\/div><\/div><\/div>\t\t\t\t\t\t<\/div>\n\t\t\t\t<\/div>\n\t\t\t\t\t<\/div>\n\t\t\t\t<\/div>\n\t\t\t\t<\/div>\n\t\t","protected":false},"excerpt":{"rendered":"<p>Haftungsausschluss UMSATZSTEUER Umsatzsteuer-Identifikationsnummer gem\u00e4\u00df \u00a727 a Umsatzsteuergesetz: DE311715376 ANGABEN ZUR BERUFSHAFTPFLICHTVERSICHERUNG Name und Sitz des Versicherers: Allianz Versicherungs-Aktiengesellschaft Generalvertretung Reinhold Rogowski Hohenzollernpl. 7 47167 Duisburg Geltungsraum der Versicherung: Deutschland STREITSCHLICHTUNG Die Europ\u00e4ische Kommission stellt eine Plattform zur Online-Streitbeilegung (OS) bereit: https:\/\/ec.europa.eu\/consumers\/odr. Unsere E-Mail-Adresse finden Sie oben im Impressum. Wir sind nicht bereit oder verpflichtet, an [&hellip;]<\/p>\n","protected":false},"author":1,"featured_media":0,"parent":0,"menu_order":0,"comment_status":"closed","ping_status":"closed","template":"","meta":{"ocean_post_layout":"full-width","ocean_both_sidebars_style":"","ocean_both_sidebars_content_width":0,"ocean_both_sidebars_sidebars_width":0,"ocean_sidebar":"0","ocean_second_sidebar":"0","ocean_disable_margins":"enable","ocean_add_body_class":"","ocean_shortcode_before_top_bar":"","ocean_shortcode_after_top_bar":"","ocean_shortcode_before_header":"","ocean_shortcode_after_header":"","ocean_has_shortcode":"","ocean_shortcode_after_title":"","ocean_shortcode_before_footer_widgets":"","ocean_shortcode_after_footer_widgets":"","ocean_shortcode_before_footer_bottom":"","ocean_shortcode_after_footer_bottom":"","ocean_display_top_bar":"default","ocean_display_header":"default","ocean_header_style":"","ocean_center_header_left_menu":"0","ocean_custom_header_template":"0","ocean_custom_logo":0,"ocean_custom_retina_logo":0,"ocean_custom_logo_max_width":0,"ocean_custom_logo_tablet_max_width":0,"ocean_custom_logo_mobile_max_width":0,"ocean_custom_logo_max_height":0,"ocean_custom_logo_tablet_max_height":0,"ocean_custom_logo_mobile_max_height":0,"ocean_header_custom_menu":"0","ocean_menu_typo_font_family":"0","ocean_menu_typo_font_subset":"","ocean_menu_typo_font_size":0,"ocean_menu_typo_font_size_tablet":0,"ocean_menu_typo_font_size_mobile":0,"ocean_menu_typo_font_size_unit":"px","ocean_menu_typo_font_weight":"","ocean_menu_typo_font_weight_tablet":"","ocean_menu_typo_font_weight_mobile":"","ocean_menu_typo_transform":"","ocean_menu_typo_transform_tablet":"","ocean_menu_typo_transform_mobile":"","ocean_menu_typo_line_height":0,"ocean_menu_typo_line_height_tablet":0,"ocean_menu_typo_line_height_mobile":0,"ocean_menu_typo_line_height_unit":"","ocean_menu_typo_spacing":0,"ocean_menu_typo_spacing_tablet":0,"ocean_menu_typo_spacing_mobile":0,"ocean_menu_typo_spacing_unit":"","ocean_menu_link_color":"","ocean_menu_link_color_hover":"","ocean_menu_link_color_active":"","ocean_menu_link_background":"","ocean_menu_link_hover_background":"","ocean_menu_link_active_background":"","ocean_menu_social_links_bg":"","ocean_menu_social_hover_links_bg":"","ocean_menu_social_links_color":"","ocean_menu_social_hover_links_color":"","ocean_disable_title":"on","ocean_disable_heading":"default","ocean_post_title":"","ocean_post_subheading":"","ocean_post_title_style":"","ocean_post_title_background_color":"","ocean_post_title_background":0,"ocean_post_title_bg_image_position":"","ocean_post_title_bg_image_attachment":"","ocean_post_title_bg_image_repeat":"","ocean_post_title_bg_image_size":"","ocean_post_title_height":0,"ocean_post_title_bg_overlay":0.5,"ocean_post_title_bg_overlay_color":"","ocean_disable_breadcrumbs":"default","ocean_breadcrumbs_color":"","ocean_breadcrumbs_separator_color":"","ocean_breadcrumbs_links_color":"","ocean_breadcrumbs_links_hover_color":"","ocean_display_footer_widgets":"default","ocean_display_footer_bottom":"default","ocean_custom_footer_template":"0","footnotes":""},"yoast_head":"<!-- This site is optimized with the Yoast SEO plugin v22.1 - https:\/\/yoast.com\/wordpress\/plugins\/seo\/ -->\n<title>KFZ Gutachter in Duisburg und ganz NRW<\/title>\n<meta name=\"description\" content=\"KFZ Gutachter in Duisburg und ganz NRW. Haftungsausschluss.\" \/>\n<meta name=\"robots\" content=\"index, follow, max-snippet:-1, max-image-preview:large, max-video-preview:-1\" \/>\n<link rel=\"canonical\" href=\"https:\/\/moers.kfz-gutachter-kanzenbach.de\/kfz-gutachter-in-duisburg-und-ganz-nrw\/\" \/>\n<meta property=\"og:locale\" content=\"en_US\" \/>\n<meta property=\"og:type\" content=\"article\" \/>\n<meta property=\"og:title\" content=\"KFZ Gutachter in Duisburg und ganz NRW\" \/>\n<meta property=\"og:description\" content=\"KFZ Gutachter in Duisburg und ganz NRW. Haftungsausschluss.\" \/>\n<meta property=\"og:url\" content=\"https:\/\/moers.kfz-gutachter-kanzenbach.de\/kfz-gutachter-in-duisburg-und-ganz-nrw\/\" \/>\n<meta property=\"og:site_name\" content=\"Ihr KFZ Gutachter in Moers und Umgebung\" \/>\n<meta property=\"article:modified_time\" content=\"2024-02-18T17:37:13+00:00\" \/>\n<meta name=\"twitter:card\" content=\"summary_large_image\" \/>\n<meta name=\"twitter:label1\" content=\"Est. reading time\" \/>\n\t<meta name=\"twitter:data1\" content=\"2 minutes\" \/>\n<script type=\"application\/ld+json\" class=\"yoast-schema-graph\">{\"@context\":\"https:\/\/schema.org\",\"@graph\":[{\"@type\":\"WebPage\",\"@id\":\"https:\/\/moers.kfz-gutachter-kanzenbach.de\/kfz-gutachter-in-duisburg-und-ganz-nrw\/\",\"url\":\"https:\/\/moers.kfz-gutachter-kanzenbach.de\/kfz-gutachter-in-duisburg-und-ganz-nrw\/\",\"name\":\"KFZ Gutachter in Duisburg und ganz NRW\",\"isPartOf\":{\"@id\":\"https:\/\/moers.kfz-gutachter-kanzenbach.de\/#website\"},\"datePublished\":\"2022-02-25T23:33:27+00:00\",\"dateModified\":\"2024-02-18T17:37:13+00:00\",\"description\":\"KFZ Gutachter in Duisburg und ganz NRW. Haftungsausschluss.\",\"breadcrumb\":{\"@id\":\"https:\/\/moers.kfz-gutachter-kanzenbach.de\/kfz-gutachter-in-duisburg-und-ganz-nrw\/#breadcrumb\"},\"inLanguage\":\"en-US\",\"potentialAction\":[{\"@type\":\"ReadAction\",\"target\":[\"https:\/\/moers.kfz-gutachter-kanzenbach.de\/kfz-gutachter-in-duisburg-und-ganz-nrw\/\"]}]},{\"@type\":\"BreadcrumbList\",\"@id\":\"https:\/\/moers.kfz-gutachter-kanzenbach.de\/kfz-gutachter-in-duisburg-und-ganz-nrw\/#breadcrumb\",\"itemListElement\":[{\"@type\":\"ListItem\",\"position\":1,\"name\":\"Home\",\"item\":\"https:\/\/moers.kfz-gutachter-kanzenbach.de\/\"},{\"@type\":\"ListItem\",\"position\":2,\"name\":\"Haftungsausschluss\"}]},{\"@type\":\"WebSite\",\"@id\":\"https:\/\/moers.kfz-gutachter-kanzenbach.de\/#website\",\"url\":\"https:\/\/moers.kfz-gutachter-kanzenbach.de\/\",\"name\":\"Ihr KFZ Gutachter in Moers und Umgebung\",\"description\":\"\",\"publisher\":{\"@id\":\"https:\/\/moers.kfz-gutachter-kanzenbach.de\/#organization\"},\"potentialAction\":[{\"@type\":\"SearchAction\",\"target\":{\"@type\":\"EntryPoint\",\"urlTemplate\":\"https:\/\/moers.kfz-gutachter-kanzenbach.de\/?s={search_term_string}\"},\"query-input\":\"required name=search_term_string\"}],\"inLanguage\":\"en-US\"},{\"@type\":\"Organization\",\"@id\":\"https:\/\/moers.kfz-gutachter-kanzenbach.de\/#organization\",\"name\":\"Ingenieurb\u00fcro Kanzenbach\",\"url\":\"https:\/\/moers.kfz-gutachter-kanzenbach.de\/\",\"logo\":{\"@type\":\"ImageObject\",\"inLanguage\":\"en-US\",\"@id\":\"https:\/\/moers.kfz-gutachter-kanzenbach.de\/#\/schema\/logo\/image\/\",\"url\":\"https:\/\/moers.kfz-gutachter-kanzenbach.de\/wp-content\/uploads\/2022\/06\/cropped-Bildschirmfoto-2022-06-23-um-19.28.28.png\",\"contentUrl\":\"https:\/\/moers.kfz-gutachter-kanzenbach.de\/wp-content\/uploads\/2022\/06\/cropped-Bildschirmfoto-2022-06-23-um-19.28.28.png\",\"width\":683,\"height\":204,\"caption\":\"Ingenieurb\u00fcro Kanzenbach\"},\"image\":{\"@id\":\"https:\/\/moers.kfz-gutachter-kanzenbach.de\/#\/schema\/logo\/image\/\"}}]}<\/script>\n<!-- \/ Yoast SEO plugin. -->","yoast_head_json":{"title":"KFZ Gutachter in Duisburg und ganz NRW","description":"KFZ Gutachter in Duisburg und ganz NRW. Haftungsausschluss.","robots":{"index":"index","follow":"follow","max-snippet":"max-snippet:-1","max-image-preview":"max-image-preview:large","max-video-preview":"max-video-preview:-1"},"canonical":"https:\/\/moers.kfz-gutachter-kanzenbach.de\/kfz-gutachter-in-duisburg-und-ganz-nrw\/","og_locale":"en_US","og_type":"article","og_title":"KFZ Gutachter in Duisburg und ganz NRW","og_description":"KFZ Gutachter in Duisburg und ganz NRW. Haftungsausschluss.","og_url":"https:\/\/moers.kfz-gutachter-kanzenbach.de\/kfz-gutachter-in-duisburg-und-ganz-nrw\/","og_site_name":"Ihr KFZ Gutachter in Moers und Umgebung","article_modified_time":"2024-02-18T17:37:13+00:00","twitter_card":"summary_large_image","twitter_misc":{"Est. reading time":"2 minutes"},"schema":{"@context":"https:\/\/schema.org","@graph":[{"@type":"WebPage","@id":"https:\/\/moers.kfz-gutachter-kanzenbach.de\/kfz-gutachter-in-duisburg-und-ganz-nrw\/","url":"https:\/\/moers.kfz-gutachter-kanzenbach.de\/kfz-gutachter-in-duisburg-und-ganz-nrw\/","name":"KFZ Gutachter in Duisburg und ganz NRW","isPartOf":{"@id":"https:\/\/moers.kfz-gutachter-kanzenbach.de\/#website"},"datePublished":"2022-02-25T23:33:27+00:00","dateModified":"2024-02-18T17:37:13+00:00","description":"KFZ Gutachter in Duisburg und ganz NRW. Haftungsausschluss.","breadcrumb":{"@id":"https:\/\/moers.kfz-gutachter-kanzenbach.de\/kfz-gutachter-in-duisburg-und-ganz-nrw\/#breadcrumb"},"inLanguage":"en-US","potentialAction":[{"@type":"ReadAction","target":["https:\/\/moers.kfz-gutachter-kanzenbach.de\/kfz-gutachter-in-duisburg-und-ganz-nrw\/"]}]},{"@type":"BreadcrumbList","@id":"https:\/\/moers.kfz-gutachter-kanzenbach.de\/kfz-gutachter-in-duisburg-und-ganz-nrw\/#breadcrumb","itemListElement":[{"@type":"ListItem","position":1,"name":"Home","item":"https:\/\/moers.kfz-gutachter-kanzenbach.de\/"},{"@type":"ListItem","position":2,"name":"Haftungsausschluss"}]},{"@type":"WebSite","@id":"https:\/\/moers.kfz-gutachter-kanzenbach.de\/#website","url":"https:\/\/moers.kfz-gutachter-kanzenbach.de\/","name":"Ihr KFZ Gutachter in Moers und Umgebung","description":"","publisher":{"@id":"https:\/\/moers.kfz-gutachter-kanzenbach.de\/#organization"},"potentialAction":[{"@type":"SearchAction","target":{"@type":"EntryPoint","urlTemplate":"https:\/\/moers.kfz-gutachter-kanzenbach.de\/?s={search_term_string}"},"query-input":"required name=search_term_string"}],"inLanguage":"en-US"},{"@type":"Organization","@id":"https:\/\/moers.kfz-gutachter-kanzenbach.de\/#organization","name":"Ingenieurb\u00fcro Kanzenbach","url":"https:\/\/moers.kfz-gutachter-kanzenbach.de\/","logo":{"@type":"ImageObject","inLanguage":"en-US","@id":"https:\/\/moers.kfz-gutachter-kanzenbach.de\/#\/schema\/logo\/image\/","url":"https:\/\/moers.kfz-gutachter-kanzenbach.de\/wp-content\/uploads\/2022\/06\/cropped-Bildschirmfoto-2022-06-23-um-19.28.28.png","contentUrl":"https:\/\/moers.kfz-gutachter-kanzenbach.de\/wp-content\/uploads\/2022\/06\/cropped-Bildschirmfoto-2022-06-23-um-19.28.28.png","width":683,"height":204,"caption":"Ingenieurb\u00fcro Kanzenbach"},"image":{"@id":"https:\/\/moers.kfz-gutachter-kanzenbach.de\/#\/schema\/logo\/image\/"}}]}},"_links":{"self":[{"href":"https:\/\/moers.kfz-gutachter-kanzenbach.de\/wp-json\/wp\/v2\/pages\/2448"}],"collection":[{"href":"https:\/\/moers.kfz-gutachter-kanzenbach.de\/wp-json\/wp\/v2\/pages"}],"about":[{"href":"https:\/\/moers.kfz-gutachter-kanzenbach.de\/wp-json\/wp\/v2\/types\/page"}],"author":[{"embeddable":true,"href":"https:\/\/moers.kfz-gutachter-kanzenbach.de\/wp-json\/wp\/v2\/users\/1"}],"replies":[{"embeddable":true,"href":"https:\/\/moers.kfz-gutachter-kanzenbach.de\/wp-json\/wp\/v2\/comments?post=2448"}],"version-history":[{"count":13,"href":"https:\/\/moers.kfz-gutachter-kanzenbach.de\/wp-json\/wp\/v2\/pages\/2448\/revisions"}],"predecessor-version":[{"id":7390,"href":"https:\/\/moers.kfz-gutachter-kanzenbach.de\/wp-json\/wp\/v2\/pages\/2448\/revisions\/7390"}],"wp:attachment":[{"href":"https:\/\/moers.kfz-gutachter-kanzenbach.de\/wp-json\/wp\/v2\/media?parent=2448"}],"curies":[{"name":"wp","href":"https:\/\/api.w.org\/{rel}","templated":true}]}}